{"id":1157,"date":"2024-11-25T15:07:34","date_gmt":"2024-11-25T14:07:34","guid":{"rendered":"https:\/\/kinderrechtentoets.nl\/stappen\/"},"modified":"2025-01-28T16:33:59","modified_gmt":"2025-01-28T15:33:59","slug":"pasonan","status":"publish","type":"page","link":"https:\/\/kinderrechtentoets.nl\/pp\/pasonan\/","title":{"rendered":"Pasonan"},"content":{"rendered":"\t\t<div data-elementor-type=\"wp-page\" data-elementor-id=\"1157\" class=\"elementor elementor-1157 elementor-305\" data-elementor-post-type=\"page\">\n\t\t\t\t<div class=\"elementor-element elementor-element-3304a5b e-con-full e-flex e-con e-child\" data-id=\"3304a5b\" data-element_type=\"container\" data-e-type=\"container\" data-settings=\"{&quot;background_background&quot;:&quot;classic&quot;}\">\n\t\t\t\t<div class=\"elementor-element elementor-element-0f9f0f0 elementor-invisible elementor-widget elementor-widget-button\" data-id=\"0f9f0f0\" data-element_type=\"widget\" data-e-type=\"widget\" data-settings=\"{&quot;_animation&quot;:&quot;fadeIn&quot;,&quot;sticky&quot;:&quot;top&quot;,&quot;sticky_on&quot;:[&quot;desktop&quot;],&quot;sticky_offset&quot;:50,&quot;sticky_effects_offset&quot;:0,&quot;sticky_anchor_link_offset&quot;:0}\" data-widget_type=\"button.default\">\n\t\t\t\t<div class=\"elementor-widget-container\">\n\t\t\t\t\t\t\t\t\t<div class=\"elementor-button-wrapper\">\n\t\t\t\t\t<a class=\"elementor-button elementor-button-link elementor-size-sm elementor-animation-grow\" href=\"\/en\/#pasonan\">\n\t\t\t\t\t\t<span class=\"elementor-button-content-wrapper\">\n\t\t\t\t\t\t\t\t\t<span class=\"elementor-button-text\">Back<\/span>\n\t\t\t\t\t<\/span>\n\t\t\t\t\t<\/a>\n\t\t\t\t<\/div>\n\t\t\t\t\t\t\t\t<\/div>\n\t\t\t\t<\/div>\n\t\t\t\t<div class=\"elementor-element elementor-element-127fd59 elementor-widget__width-auto elementor-widget elementor-widget-wpml-language-switcher\" data-id=\"127fd59\" data-element_type=\"widget\" data-e-type=\"widget\" data-widget_type=\"wpml-language-switcher.default\">\n\t\t\t\t<div class=\"elementor-widget-container\">\n\t\t\t\t\t<div class=\"wpml-elementor-ls\">\n<div role=\"navigation\" aria-label=\"Language Switcher\" class=\"wpml-ls-statics-shortcode_actions wpml-ls wpml-ls-legacy-list-horizontal\">\n\t<ul><li class=\"wpml-ls-slot-shortcode_actions wpml-ls-item wpml-ls-item-nl wpml-ls-first-item wpml-ls-item-legacy-list-horizontal\">\n\t\t\t\t<a href=\"https:\/\/kinderrechtentoets.nl\/\" hreflang=\"nl\" lang=\"nl\" class=\"wpml-ls-link\" aria-label=\"Switch to NL (NL)\" title=\"Switch to NL (NL)\">\n\t\t\t\t\t<span class=\"wpml-ls-native\">NL<\/span><\/a>\n\t\t\t<\/li><li class=\"wpml-ls-slot-shortcode_actions wpml-ls-item wpml-ls-item-en wpml-ls-item-legacy-list-horizontal\">\n\t\t\t\t<a href=\"https:\/\/kinderrechtentoets.nl\/en\/\" hreflang=\"en\" lang=\"en\" class=\"wpml-ls-link\" aria-label=\"Switch to EN (EN)\" title=\"Switch to EN (EN)\">\n\t\t\t\t\t<span class=\"wpml-ls-native\">EN<\/span><\/a>\n\t\t\t<\/li><li class=\"wpml-ls-slot-shortcode_actions wpml-ls-item wpml-ls-item-pp wpml-ls-current-language wpml-ls-last-item wpml-ls-item-legacy-list-horizontal\">\n\t\t\t\t<a href=\"https:\/\/kinderrechtentoets.nl\/pp\/\" hreflang=\"pp\" lang=\"pp\" class=\"wpml-ls-link\" aria-current=\"page\" aria-label=\"Switch to PP (PP)\" title=\"Switch to PP (PP)\">\n\t\t\t\t\t<span class=\"wpml-ls-native\">PP<\/span><\/a>\n\t\t\t<\/li><\/ul>\n<\/div>\n<\/div>\t\t\t\t<\/div>\n\t\t\t\t<\/div>\n\t\t\t\t<\/div>\n\t\t<div class=\"elementor-element elementor-element-dcf2162 e-con-full e-flex e-con e-parent\" data-id=\"dcf2162\" data-element_type=\"container\" data-e-type=\"container\" data-settings=\"{&quot;background_background&quot;:&quot;classic&quot;,&quot;animation&quot;:&quot;none&quot;}\">\n\t\t<div class=\"elementor-element elementor-element-14be161 e-con-full e-flex e-con e-child\" data-id=\"14be161\" data-element_type=\"container\" data-e-type=\"container\">\n\t\t\t\t<div class=\"elementor-element elementor-element-58de532 elementor-invisible elementor-widget elementor-widget-heading\" data-id=\"58de532\" data-element_type=\"widget\" data-e-type=\"widget\" data-settings=\"{&quot;_animation&quot;:&quot;fadeInLeft&quot;}\" data-widget_type=\"heading.default\">\n\t\t\t\t<div class=\"elementor-widget-container\">\n\t\t\t\t\t<h1 class=\"elementor-heading-title elementor-size-default\">Pasonan<\/h1>\t\t\t\t<\/div>\n\t\t\t\t<\/div>\n\t\t\t\t<div class=\"elementor-element elementor-element-587d002 elementor-widget elementor-widget-spacer\" data-id=\"587d002\" data-element_type=\"widget\" data-e-type=\"widget\" data-widget_type=\"spacer.default\">\n\t\t\t\t<div class=\"elementor-widget-container\">\n\t\t\t\t\t\t\t<div class=\"elementor-spacer\">\n\t\t\t<div class=\"elementor-spacer-inner\"><\/div>\n\t\t<\/div>\n\t\t\t\t\t\t<\/div>\n\t\t\t\t<\/div>\n\t\t\t\t<div class=\"elementor-element elementor-element-703834e elementor-widget__width-initial elementor-widget-tablet__width-inherit elementor-invisible elementor-widget elementor-widget-text-editor\" data-id=\"703834e\" data-element_type=\"widget\" data-e-type=\"widget\" data-settings=\"{&quot;_animation&quot;:&quot;fadeIn&quot;}\" data-widget_type=\"text-editor.default\">\n\t\t\t\t<div class=\"elementor-widget-container\">\n\t\t\t\t\t\t\t\t\t<p><strong>E kuater paso di un prueba di derechonan di mucha<\/strong><br \/>Un prueba di derechonan di mucha ta konsist\u00ed di kuater paso. Durante e kuater paso aki bo ta traha un bon an\u00e1lisis di e interes di (gruponan di) mucha evaluando e impakto di un proyekto di lei \u00f2f regulashon \u00f2f un propuesta di maneho riba e realisashon di e derechonan di mucha. Pues, den e an\u00e1lisis, e derechonan di mucha ta para sentral. P&#8217;esei, bo ta investig\u00e1 e interesnan di mucha relashon\u00e1 ku e propuesta, i bo ta drenta den k\u00f2mbersashon ku mucha tokante di e propuesta (paso 1). Tambe bo ta konsider\u00e1 otro interesnan ku e proyekto di lei \u00f2f e propuesta di maneho mester proteh\u00e1 (paso 2). Seguidamente, bo ta konsider\u00e1 e importansia di e interesnan di mucha &#8211; ku ta para prom\u00e9 &#8211; i e sobr\u00e1 interesnan (paso 3). Si e resultado di e prueba di derechonan di mucha ta duna motibu pa hasi&#8217;\u00e9, bo ta tene kuenta ku esaki den e elaborashon di legislashon, regulashon \u00f2f maneho \u00f2f bo ta adapt\u00e1 nan di akuerdo ku esei. Finalmente, bo ta hustifik\u00e1 e eskohonan ku bo a hasi na e muchanan mes i tur sobr\u00e1 hende (paso 4).<\/p>\t\t\t\t\t\t\t\t<\/div>\n\t\t\t\t<\/div>\n\t\t\t\t<div class=\"elementor-element elementor-element-a2675f1 elementor-widget elementor-widget-spacer\" data-id=\"a2675f1\" data-element_type=\"widget\" data-e-type=\"widget\" data-widget_type=\"spacer.default\">\n\t\t\t\t<div class=\"elementor-widget-container\">\n\t\t\t\t\t\t\t<div class=\"elementor-spacer\">\n\t\t\t<div class=\"elementor-spacer-inner\"><\/div>\n\t\t<\/div>\n\t\t\t\t\t\t<\/div>\n\t\t\t\t<\/div>\n\t\t\t\t<div class=\"elementor-element elementor-element-7fd0edc elementor-widget__width-initial elementor-widget-tablet__width-inherit elementor-widget elementor-widget-heading\" data-id=\"7fd0edc\" data-element_type=\"widget\" data-e-type=\"widget\" data-widget_type=\"heading.default\">\n\t\t\t\t<div class=\"elementor-widget-container\">\n\t\t\t\t\t<h2 class=\"elementor-heading-title elementor-size-default\">E pregunta prinsipal ku ta para sentral den un prueba di derechonan di mucha ta:\n<\/h2>\t\t\t\t<\/div>\n\t\t\t\t<\/div>\n\t\t\t\t<div class=\"elementor-element elementor-element-3159cdc elementor-widget__width-initial elementor-widget-tablet__width-inherit elementor-widget elementor-widget-text-editor\" data-id=\"3159cdc\" data-element_type=\"widget\" data-e-type=\"widget\" data-widget_type=\"text-editor.default\">\n\t\t\t\t<div class=\"elementor-widget-container\">\n\t\t\t\t\t\t\t\t\t<p>Ki impakto e propuesta tin riba e realisashon di derechonan di mucha? I di ki manera bo ta s\u00f2ru pa e derechonan di mucha para na prom\u00e9 lug\u00e1 den e propuesta?<\/p>\t\t\t\t\t\t\t\t<\/div>\n\t\t\t\t<\/div>\n\t\t\t\t<div class=\"elementor-element elementor-element-aa69c27 elementor-widget elementor-widget-spacer\" data-id=\"aa69c27\" data-element_type=\"widget\" data-e-type=\"widget\" data-widget_type=\"spacer.default\">\n\t\t\t\t<div class=\"elementor-widget-container\">\n\t\t\t\t\t\t\t<div class=\"elementor-spacer\">\n\t\t\t<div class=\"elementor-spacer-inner\"><\/div>\n\t\t<\/div>\n\t\t\t\t\t\t<\/div>\n\t\t\t\t<\/div>\n\t\t\t\t<div class=\"elementor-element elementor-element-66704fe elementor-invisible elementor-widget elementor-widget-button\" data-id=\"66704fe\" data-element_type=\"widget\" data-e-type=\"widget\" data-settings=\"{&quot;_animation&quot;:&quot;fadeIn&quot;}\" data-widget_type=\"button.default\">\n\t\t\t\t<div class=\"elementor-widget-container\">\n\t\t\t\t\t\t\t\t\t<div class=\"elementor-button-wrapper\">\n\t\t\t\t\t<a class=\"elementor-button elementor-button-link elementor-size-sm elementor-animation-grow\" href=\"\/pp\">\n\t\t\t\t\t\t<span class=\"elementor-button-content-wrapper\">\n\t\t\t\t\t\t\t\t\t<span class=\"elementor-button-text\">Regres\u00e1 na e prueba di derechonan di mucha<\/span>\n\t\t\t\t\t<\/span>\n\t\t\t\t\t<\/a>\n\t\t\t\t<\/div>\n\t\t\t\t\t\t\t\t<\/div>\n\t\t\t\t<\/div>\n\t\t\t\t<\/div>\n\t\t\t\t<\/div>\n\t\t\t\t<\/div>\n\t\t","protected":false},"excerpt":{"rendered":"<p>Back NL EN PP Pasonan E kuater paso di un prueba di derechonan di muchaUn prueba di derechonan di mucha ta konsist\u00ed di kuater paso. Durante e kuater paso aki bo ta traha un bon an\u00e1lisis di e interes di (gruponan di) mucha evaluando e impakto di un proyekto di lei \u00f2f regulashon \u00f2f un [&hellip;]<\/p>\n","protected":false},"author":1,"featured_media":0,"parent":0,"menu_order":0,"comment_status":"closed","ping_status":"closed","template":"","meta":{"footnotes":""},"class_list":["post-1157","page","type-page","status-publish","hentry"],"yoast_head":"<!-- This site is optimized with the Yoast SEO plugin v27.5 - https:\/\/yoast.com\/product\/yoast-seo-wordpress\/ -->\n<title>Pasonan - Kinderombudsman - Kinderrechtentoets<\/title>\n<meta name=\"description\" content=\"Prueba di Derechonan di Mucha - Kuater paso pa yega na e mih\u00f3 desishonnan pa mucha na momentu di redakt\u00e1 legislashon, regulashonnan i maneho.\" \/>\n<meta name=\"robots\" content=\"index, follow, max-snippet:-1, max-image-preview:large, max-video-preview:-1\" \/>\n<link rel=\"canonical\" href=\"https:\/\/kinderrechtentoets.nl\/stappen\/\" \/>\n<meta property=\"og:locale\" content=\"en_US\" \/>\n<meta property=\"og:type\" content=\"article\" \/>\n<meta property=\"og:title\" content=\"Pasonan - Kinderombudsman - Kinderrechtentoets\" \/>\n<meta property=\"og:description\" content=\"Prueba di Derechonan di Mucha - Kuater paso pa yega na e mih\u00f3 desishonnan pa mucha na momentu di redakt\u00e1 legislashon, regulashonnan i maneho.\" \/>\n<meta property=\"og:url\" content=\"https:\/\/kinderrechtentoets.nl\/stappen\/\" \/>\n<meta property=\"og:site_name\" content=\"Kinderombudsman - Kinderrechtentoets\" \/>\n<meta property=\"article:modified_time\" content=\"2025-01-28T15:33:59+00:00\" \/>\n<meta name=\"twitter:card\" content=\"summary_large_image\" \/>\n<meta name=\"twitter:label1\" content=\"Est. reading time\" \/>\n\t<meta name=\"twitter:data1\" content=\"2 minutes\" \/>\n<script type=\"application\/ld+json\" class=\"yoast-schema-graph\">{\"@context\":\"https:\\\/\\\/schema.org\",\"@graph\":[{\"@type\":\"WebPage\",\"@id\":\"https:\\\/\\\/kinderrechtentoets.nl\\\/stappen\\\/\",\"url\":\"https:\\\/\\\/kinderrechtentoets.nl\\\/stappen\\\/\",\"name\":\"Pasonan - Kinderombudsman - Kinderrechtentoets\",\"isPartOf\":{\"@id\":\"https:\\\/\\\/kinderrechtentoets.nl\\\/#website\"},\"datePublished\":\"2024-11-25T14:07:34+00:00\",\"dateModified\":\"2025-01-28T15:33:59+00:00\",\"description\":\"Prueba di Derechonan di Mucha - Kuater paso pa yega na e mih\u00f3 desishonnan pa mucha na momentu di redakt\u00e1 legislashon, regulashonnan i maneho.\",\"breadcrumb\":{\"@id\":\"https:\\\/\\\/kinderrechtentoets.nl\\\/stappen\\\/#breadcrumb\"},\"inLanguage\":\"pp-PA\",\"potentialAction\":[{\"@type\":\"ReadAction\",\"target\":[\"https:\\\/\\\/kinderrechtentoets.nl\\\/stappen\\\/\"]}]},{\"@type\":\"BreadcrumbList\",\"@id\":\"https:\\\/\\\/kinderrechtentoets.nl\\\/stappen\\\/#breadcrumb\",\"itemListElement\":[{\"@type\":\"ListItem\",\"position\":1,\"name\":\"Home\",\"item\":\"https:\\\/\\\/kinderrechtentoets.nl\\\/\"},{\"@type\":\"ListItem\",\"position\":2,\"name\":\"Pasonan\"}]},{\"@type\":\"WebSite\",\"@id\":\"https:\\\/\\\/kinderrechtentoets.nl\\\/#website\",\"url\":\"https:\\\/\\\/kinderrechtentoets.nl\\\/\",\"name\":\"Kinderombudsman - Kinderrechtentoets\",\"description\":\"Vier stappen om te komen tot de beste besluiten voor kinderen bij wet- en regelgeving en beleid\",\"potentialAction\":[{\"@type\":\"SearchAction\",\"target\":{\"@type\":\"EntryPoint\",\"urlTemplate\":\"https:\\\/\\\/kinderrechtentoets.nl\\\/?s={search_term_string}\"},\"query-input\":{\"@type\":\"PropertyValueSpecification\",\"valueRequired\":true,\"valueName\":\"search_term_string\"}}],\"inLanguage\":\"pp-PA\"}]}<\/script>\n<!-- \/ Yoast SEO plugin. -->","yoast_head_json":{"title":"Pasonan - Kinderombudsman - Kinderrechtentoets","description":"Prueba di Derechonan di Mucha - Kuater paso pa yega na e mih\u00f3 desishonnan pa mucha na momentu di redakt\u00e1 legislashon, regulashonnan i maneho.","robots":{"index":"index","follow":"follow","max-snippet":"max-snippet:-1","max-image-preview":"max-image-preview:large","max-video-preview":"max-video-preview:-1"},"canonical":"https:\/\/kinderrechtentoets.nl\/stappen\/","og_locale":"en_US","og_type":"article","og_title":"Pasonan - Kinderombudsman - Kinderrechtentoets","og_description":"Prueba di Derechonan di Mucha - Kuater paso pa yega na e mih\u00f3 desishonnan pa mucha na momentu di redakt\u00e1 legislashon, regulashonnan i maneho.","og_url":"https:\/\/kinderrechtentoets.nl\/stappen\/","og_site_name":"Kinderombudsman - Kinderrechtentoets","article_modified_time":"2025-01-28T15:33:59+00:00","twitter_card":"summary_large_image","twitter_misc":{"Est. reading time":"2 minutes"},"schema":{"@context":"https:\/\/schema.org","@graph":[{"@type":"WebPage","@id":"https:\/\/kinderrechtentoets.nl\/stappen\/","url":"https:\/\/kinderrechtentoets.nl\/stappen\/","name":"Pasonan - Kinderombudsman - Kinderrechtentoets","isPartOf":{"@id":"https:\/\/kinderrechtentoets.nl\/#website"},"datePublished":"2024-11-25T14:07:34+00:00","dateModified":"2025-01-28T15:33:59+00:00","description":"Prueba di Derechonan di Mucha - Kuater paso pa yega na e mih\u00f3 desishonnan pa mucha na momentu di redakt\u00e1 legislashon, regulashonnan i maneho.","breadcrumb":{"@id":"https:\/\/kinderrechtentoets.nl\/stappen\/#breadcrumb"},"inLanguage":"pp-PA","potentialAction":[{"@type":"ReadAction","target":["https:\/\/kinderrechtentoets.nl\/stappen\/"]}]},{"@type":"BreadcrumbList","@id":"https:\/\/kinderrechtentoets.nl\/stappen\/#breadcrumb","itemListElement":[{"@type":"ListItem","position":1,"name":"Home","item":"https:\/\/kinderrechtentoets.nl\/"},{"@type":"ListItem","position":2,"name":"Pasonan"}]},{"@type":"WebSite","@id":"https:\/\/kinderrechtentoets.nl\/#website","url":"https:\/\/kinderrechtentoets.nl\/","name":"Kinderombudsman - Kinderrechtentoets","description":"Vier stappen om te komen tot de beste besluiten voor kinderen bij wet- en regelgeving en beleid","potentialAction":[{"@type":"SearchAction","target":{"@type":"EntryPoint","urlTemplate":"https:\/\/kinderrechtentoets.nl\/?s={search_term_string}"},"query-input":{"@type":"PropertyValueSpecification","valueRequired":true,"valueName":"search_term_string"}}],"inLanguage":"pp-PA"}]}},"_links":{"self":[{"href":"https:\/\/kinderrechtentoets.nl\/pp\/wp-json\/wp\/v2\/pages\/1157","targetHints":{"allow":["GET"]}}],"collection":[{"href":"https:\/\/kinderrechtentoets.nl\/pp\/wp-json\/wp\/v2\/pages"}],"about":[{"href":"https:\/\/kinderrechtentoets.nl\/pp\/wp-json\/wp\/v2\/types\/page"}],"author":[{"embeddable":true,"href":"https:\/\/kinderrechtentoets.nl\/pp\/wp-json\/wp\/v2\/users\/1"}],"replies":[{"embeddable":true,"href":"https:\/\/kinderrechtentoets.nl\/pp\/wp-json\/wp\/v2\/comments?post=1157"}],"version-history":[{"count":13,"href":"https:\/\/kinderrechtentoets.nl\/pp\/wp-json\/wp\/v2\/pages\/1157\/revisions"}],"predecessor-version":[{"id":1602,"href":"https:\/\/kinderrechtentoets.nl\/pp\/wp-json\/wp\/v2\/pages\/1157\/revisions\/1602"}],"wp:attachment":[{"href":"https:\/\/kinderrechtentoets.nl\/pp\/wp-json\/wp\/v2\/media?parent=1157"}],"curies":[{"name":"wp","href":"https:\/\/api.w.org\/{rel}","templated":true}]}}