{"id":1178,"date":"2024-11-25T15:07:35","date_gmt":"2024-11-25T14:07:35","guid":{"rendered":"https:\/\/kinderrechtentoets.nl\/stap-2\/"},"modified":"2025-01-28T16:34:10","modified_gmt":"2025-01-28T15:34:10","slug":"paso-2","status":"publish","type":"page","link":"https:\/\/kinderrechtentoets.nl\/pp\/paso-2\/","title":{"rendered":"Paso 2 Investig\u00e1 otro interesnan"},"content":{"rendered":"\t\t<div data-elementor-type=\"wp-page\" data-elementor-id=\"1178\" class=\"elementor elementor-1178 elementor-307\" data-elementor-post-type=\"page\">\n\t\t\t\t<div class=\"elementor-element elementor-element-7f319ca e-con-full e-flex e-con e-child\" data-id=\"7f319ca\" data-element_type=\"container\" data-e-type=\"container\" data-settings=\"{&quot;background_background&quot;:&quot;classic&quot;}\">\n\t\t\t\t<div class=\"elementor-element elementor-element-86388bb elementor-invisible elementor-widget elementor-widget-button\" data-id=\"86388bb\" data-element_type=\"widget\" data-e-type=\"widget\" data-settings=\"{&quot;_animation&quot;:&quot;fadeIn&quot;,&quot;sticky&quot;:&quot;top&quot;,&quot;sticky_on&quot;:[&quot;desktop&quot;],&quot;sticky_offset&quot;:50,&quot;sticky_effects_offset&quot;:0,&quot;sticky_anchor_link_offset&quot;:0}\" data-widget_type=\"button.default\">\n\t\t\t\t<div class=\"elementor-widget-container\">\n\t\t\t\t\t\t\t\t\t<div class=\"elementor-button-wrapper\">\n\t\t\t\t\t<a class=\"elementor-button elementor-button-link elementor-size-sm elementor-animation-grow\" href=\"\/pp\/#paso2\">\n\t\t\t\t\t\t<span class=\"elementor-button-content-wrapper\">\n\t\t\t\t\t\t\t\t\t<span class=\"elementor-button-text\">Back<\/span>\n\t\t\t\t\t<\/span>\n\t\t\t\t\t<\/a>\n\t\t\t\t<\/div>\n\t\t\t\t\t\t\t\t<\/div>\n\t\t\t\t<\/div>\n\t\t\t\t<div class=\"elementor-element elementor-element-976ea43 elementor-widget__width-auto elementor-widget elementor-widget-wpml-language-switcher\" data-id=\"976ea43\" data-element_type=\"widget\" data-e-type=\"widget\" data-widget_type=\"wpml-language-switcher.default\">\n\t\t\t\t<div class=\"elementor-widget-container\">\n\t\t\t\t\t<div class=\"wpml-elementor-ls\">\n<div role=\"navigation\" aria-label=\"Language Switcher\" class=\"wpml-ls-statics-shortcode_actions wpml-ls wpml-ls-legacy-list-horizontal\">\n\t<ul><li class=\"wpml-ls-slot-shortcode_actions wpml-ls-item wpml-ls-item-nl wpml-ls-first-item wpml-ls-item-legacy-list-horizontal\">\n\t\t\t\t<a href=\"https:\/\/kinderrechtentoets.nl\/\" hreflang=\"nl\" lang=\"nl\" class=\"wpml-ls-link\" aria-label=\"Switch to NL (NL)\" title=\"Switch to NL (NL)\">\n\t\t\t\t\t<span class=\"wpml-ls-native\">NL<\/span><\/a>\n\t\t\t<\/li><li class=\"wpml-ls-slot-shortcode_actions wpml-ls-item wpml-ls-item-en wpml-ls-item-legacy-list-horizontal\">\n\t\t\t\t<a href=\"https:\/\/kinderrechtentoets.nl\/en\/\" hreflang=\"en\" lang=\"en\" class=\"wpml-ls-link\" aria-label=\"Switch to EN (EN)\" title=\"Switch to EN (EN)\">\n\t\t\t\t\t<span class=\"wpml-ls-native\">EN<\/span><\/a>\n\t\t\t<\/li><li class=\"wpml-ls-slot-shortcode_actions wpml-ls-item wpml-ls-item-pp wpml-ls-current-language wpml-ls-last-item wpml-ls-item-legacy-list-horizontal\">\n\t\t\t\t<a href=\"https:\/\/kinderrechtentoets.nl\/pp\/\" hreflang=\"pp\" lang=\"pp\" class=\"wpml-ls-link\" aria-current=\"page\" aria-label=\"Switch to PP (PP)\" title=\"Switch to PP (PP)\">\n\t\t\t\t\t<span class=\"wpml-ls-native\">PP<\/span><\/a>\n\t\t\t<\/li><\/ul>\n<\/div>\n<\/div>\t\t\t\t<\/div>\n\t\t\t\t<\/div>\n\t\t\t\t<\/div>\n\t\t<div class=\"elementor-element elementor-element-da4d943 e-con-full e-flex e-con e-parent\" data-id=\"da4d943\" data-element_type=\"container\" data-e-type=\"container\" data-settings=\"{&quot;background_background&quot;:&quot;classic&quot;,&quot;animation&quot;:&quot;none&quot;}\">\n\t\t<div class=\"elementor-element elementor-element-2b63a76 e-con-full e-flex e-con e-child\" data-id=\"2b63a76\" data-element_type=\"container\" data-e-type=\"container\">\n\t\t\t\t<div class=\"elementor-element elementor-element-ec770c3 elementor-invisible elementor-widget elementor-widget-heading\" data-id=\"ec770c3\" data-element_type=\"widget\" data-e-type=\"widget\" data-settings=\"{&quot;_animation&quot;:&quot;fadeIn&quot;}\" data-widget_type=\"heading.default\">\n\t\t\t\t<div class=\"elementor-widget-container\">\n\t\t\t\t\t<h1 class=\"elementor-heading-title elementor-size-default\">Paso 2<\/h1>\t\t\t\t<\/div>\n\t\t\t\t<\/div>\n\t\t\t\t<div class=\"elementor-element elementor-element-201de7c elementor-invisible elementor-widget elementor-widget-heading\" data-id=\"201de7c\" data-element_type=\"widget\" data-e-type=\"widget\" data-settings=\"{&quot;_animation&quot;:&quot;fadeInLeft&quot;}\" data-widget_type=\"heading.default\">\n\t\t\t\t<div class=\"elementor-widget-container\">\n\t\t\t\t\t<h2 class=\"elementor-heading-title elementor-size-default\">Investig\u00e1 otro interesnan\n<\/h2>\t\t\t\t<\/div>\n\t\t\t\t<\/div>\n\t\t\t\t<div class=\"elementor-element elementor-element-056dab9 elementor-widget elementor-widget-spacer\" data-id=\"056dab9\" data-element_type=\"widget\" data-e-type=\"widget\" data-widget_type=\"spacer.default\">\n\t\t\t\t<div class=\"elementor-widget-container\">\n\t\t\t\t\t\t\t<div class=\"elementor-spacer\">\n\t\t\t<div class=\"elementor-spacer-inner\"><\/div>\n\t\t<\/div>\n\t\t\t\t\t\t<\/div>\n\t\t\t\t<\/div>\n\t\t\t\t<div class=\"elementor-element elementor-element-fdd19bb elementor-widget__width-initial elementor-widget-tablet__width-inherit elementor-widget elementor-widget-text-editor\" data-id=\"fdd19bb\" data-element_type=\"widget\" data-e-type=\"widget\" data-widget_type=\"text-editor.default\">\n\t\t\t\t<div class=\"elementor-widget-container\">\n\t\t\t\t\t\t\t\t\t<p>Den e paso aki, a base di e <strong>meta<\/strong> di e propuesta bo ta verifik\u00e1 kua otro interesnan banda di esnan di mucha mester inklu\u00ed. E interesnan aki, por eh\u00e8mpel di (gruponan di) adultonan, por ta m\u00e9skos ku e interes di mucha. Pero nan por ta konfliktivo tambe ku e interesnan i derechonan di mucha. Interesnan ekon\u00f3miko, ekol\u00f3giko, pol\u00edtiko, finansiero \u00f2f sosial por stroba e realisashon di derechonan di mucha. Den e paso aki, verifik\u00e1 kua otro interesnan ta hunga un r\u00f2l. Por ta ku a identifik\u00e1 e interesnan aki kaba den e proseso regular di redakt\u00e1 legislashon, regulashonnan i maneho, por eh\u00e8mpel den e <span style=\"color: #70f2e5;\"><a style=\"color: #70f2e5;\" href=\"https:\/\/www.kcbr.nl\/beleid-en-regelgeving-ontwikkelen\/beleidskompas\" target=\"_blank\" rel=\"noopener\"><span style=\"text-decoration: underline;\">Beleidskompas<\/span><\/a><\/span>.<\/p>\t\t\t\t\t\t\t\t<\/div>\n\t\t\t\t<\/div>\n\t\t\t\t<div class=\"elementor-element elementor-element-a6b5ccb elementor-widget elementor-widget-spacer\" data-id=\"a6b5ccb\" data-element_type=\"widget\" data-e-type=\"widget\" data-widget_type=\"spacer.default\">\n\t\t\t\t<div class=\"elementor-widget-container\">\n\t\t\t\t\t\t\t<div class=\"elementor-spacer\">\n\t\t\t<div class=\"elementor-spacer-inner\"><\/div>\n\t\t<\/div>\n\t\t\t\t\t\t<\/div>\n\t\t\t\t<\/div>\n\t\t\t\t<div class=\"elementor-element elementor-element-d6c0e31 elementor-invisible elementor-widget elementor-widget-heading\" data-id=\"d6c0e31\" data-element_type=\"widget\" data-e-type=\"widget\" data-settings=\"{&quot;_animation&quot;:&quot;fadeIn&quot;}\" data-widget_type=\"heading.default\">\n\t\t\t\t<div class=\"elementor-widget-container\">\n\t\t\t\t\t<h3 class=\"elementor-heading-title elementor-size-default\">Resultado parsial \n<\/h3>\t\t\t\t<\/div>\n\t\t\t\t<\/div>\n\t\t\t\t<div class=\"elementor-element elementor-element-a99fa4b elementor-widget__width-initial elementor-widget-tablet__width-inherit elementor-widget elementor-widget-text-editor\" data-id=\"a99fa4b\" data-element_type=\"widget\" data-e-type=\"widget\" data-widget_type=\"text-editor.default\">\n\t\t\t\t<div class=\"elementor-widget-container\">\n\t\t\t\t\t\t\t\t\t<p>Despues di a komplet\u00e1 e paso aki, bo sa kua otro interesnan ta hunga un r\u00f2l i bo sa kua interesnan bo ta bai kompar\u00e1 ku otro den paso 3.<\/p>\t\t\t\t\t\t\t\t<\/div>\n\t\t\t\t<\/div>\n\t\t\t\t<div class=\"elementor-element elementor-element-ad57598 elementor-widget elementor-widget-spacer\" data-id=\"ad57598\" data-element_type=\"widget\" data-e-type=\"widget\" data-widget_type=\"spacer.default\">\n\t\t\t\t<div class=\"elementor-widget-container\">\n\t\t\t\t\t\t\t<div class=\"elementor-spacer\">\n\t\t\t<div class=\"elementor-spacer-inner\"><\/div>\n\t\t<\/div>\n\t\t\t\t\t\t<\/div>\n\t\t\t\t<\/div>\n\t\t\t\t<div class=\"elementor-element elementor-element-58099f7 elementor-invisible elementor-widget elementor-widget-button\" data-id=\"58099f7\" data-element_type=\"widget\" data-e-type=\"widget\" data-settings=\"{&quot;_animation&quot;:&quot;fadeIn&quot;}\" data-widget_type=\"button.default\">\n\t\t\t\t<div class=\"elementor-widget-container\">\n\t\t\t\t\t\t\t\t\t<div class=\"elementor-button-wrapper\">\n\t\t\t\t\t<a class=\"elementor-button elementor-button-link elementor-size-sm elementor-animation-grow\" href=\"\/pp\">\n\t\t\t\t\t\t<span class=\"elementor-button-content-wrapper\">\n\t\t\t\t\t\t\t\t\t<span class=\"elementor-button-text\">Regres\u00e1 na e prueba di derechonan di mucha<\/span>\n\t\t\t\t\t<\/span>\n\t\t\t\t\t<\/a>\n\t\t\t\t<\/div>\n\t\t\t\t\t\t\t\t<\/div>\n\t\t\t\t<\/div>\n\t\t\t\t<\/div>\n\t\t\t\t<\/div>\n\t\t\t\t<\/div>\n\t\t","protected":false},"excerpt":{"rendered":"<p>Back NL EN PP Paso 2 Investig\u00e1 otro interesnan Den e paso aki, a base di e meta di e propuesta bo ta verifik\u00e1 kua otro interesnan banda di esnan di mucha mester inklu\u00ed. E interesnan aki, por eh\u00e8mpel di (gruponan di) adultonan, por ta m\u00e9skos ku e interes di mucha. Pero nan por ta [&hellip;]<\/p>\n","protected":false},"author":1,"featured_media":0,"parent":0,"menu_order":0,"comment_status":"closed","ping_status":"closed","template":"","meta":{"footnotes":""},"class_list":["post-1178","page","type-page","status-publish","hentry"],"yoast_head":"<!-- This site is optimized with the Yoast SEO plugin v27.4 - https:\/\/yoast.com\/product\/yoast-seo-wordpress\/ -->\n<title>Paso 2 Investig\u00e1 otro interesnan - Kinderombudsman - Kinderrechtentoets<\/title>\n<meta name=\"description\" content=\"Prueba di Derechonan di Mucha - Kuater paso pa yega na e mih\u00f3 desishonnan pa mucha na momentu di redakt\u00e1 legislashon, regulashonnan i maneho.\" \/>\n<meta name=\"robots\" content=\"index, follow, max-snippet:-1, max-image-preview:large, max-video-preview:-1\" \/>\n<link rel=\"canonical\" href=\"https:\/\/kinderrechtentoets.nl\/stap-2\/\" \/>\n<meta property=\"og:locale\" content=\"en_US\" \/>\n<meta property=\"og:type\" content=\"article\" \/>\n<meta property=\"og:title\" content=\"Paso 2 Investig\u00e1 otro interesnan - Kinderombudsman - Kinderrechtentoets\" \/>\n<meta property=\"og:description\" content=\"Prueba di Derechonan di Mucha - Kuater paso pa yega na e mih\u00f3 desishonnan pa mucha na momentu di redakt\u00e1 legislashon, regulashonnan i maneho.\" \/>\n<meta property=\"og:url\" content=\"https:\/\/kinderrechtentoets.nl\/stap-2\/\" \/>\n<meta property=\"og:site_name\" content=\"Kinderombudsman - Kinderrechtentoets\" \/>\n<meta property=\"article:modified_time\" content=\"2025-01-28T15:34:10+00:00\" \/>\n<meta name=\"twitter:card\" content=\"summary_large_image\" \/>\n<meta name=\"twitter:label1\" content=\"Est. reading time\" \/>\n\t<meta name=\"twitter:data1\" content=\"1 minute\" \/>\n<script type=\"application\/ld+json\" class=\"yoast-schema-graph\">{\"@context\":\"https:\\\/\\\/schema.org\",\"@graph\":[{\"@type\":\"WebPage\",\"@id\":\"https:\\\/\\\/kinderrechtentoets.nl\\\/stap-2\\\/\",\"url\":\"https:\\\/\\\/kinderrechtentoets.nl\\\/stap-2\\\/\",\"name\":\"Paso 2 Investig\u00e1 otro interesnan - Kinderombudsman - Kinderrechtentoets\",\"isPartOf\":{\"@id\":\"https:\\\/\\\/kinderrechtentoets.nl\\\/#website\"},\"datePublished\":\"2024-11-25T14:07:35+00:00\",\"dateModified\":\"2025-01-28T15:34:10+00:00\",\"description\":\"Prueba di Derechonan di Mucha - Kuater paso pa yega na e mih\u00f3 desishonnan pa mucha na momentu di redakt\u00e1 legislashon, regulashonnan i maneho.\",\"breadcrumb\":{\"@id\":\"https:\\\/\\\/kinderrechtentoets.nl\\\/stap-2\\\/#breadcrumb\"},\"inLanguage\":\"pp-PA\",\"potentialAction\":[{\"@type\":\"ReadAction\",\"target\":[\"https:\\\/\\\/kinderrechtentoets.nl\\\/stap-2\\\/\"]}]},{\"@type\":\"BreadcrumbList\",\"@id\":\"https:\\\/\\\/kinderrechtentoets.nl\\\/stap-2\\\/#breadcrumb\",\"itemListElement\":[{\"@type\":\"ListItem\",\"position\":1,\"name\":\"Home\",\"item\":\"https:\\\/\\\/kinderrechtentoets.nl\\\/\"},{\"@type\":\"ListItem\",\"position\":2,\"name\":\"Paso 2 Investig\u00e1 otro interesnan\"}]},{\"@type\":\"WebSite\",\"@id\":\"https:\\\/\\\/kinderrechtentoets.nl\\\/#website\",\"url\":\"https:\\\/\\\/kinderrechtentoets.nl\\\/\",\"name\":\"Kinderombudsman - Kinderrechtentoets\",\"description\":\"Vier stappen om te komen tot de beste besluiten voor kinderen bij wet- en regelgeving en beleid\",\"potentialAction\":[{\"@type\":\"SearchAction\",\"target\":{\"@type\":\"EntryPoint\",\"urlTemplate\":\"https:\\\/\\\/kinderrechtentoets.nl\\\/?s={search_term_string}\"},\"query-input\":{\"@type\":\"PropertyValueSpecification\",\"valueRequired\":true,\"valueName\":\"search_term_string\"}}],\"inLanguage\":\"pp-PA\"}]}<\/script>\n<!-- \/ Yoast SEO plugin. -->","yoast_head_json":{"title":"Paso 2 Investig\u00e1 otro interesnan - Kinderombudsman - Kinderrechtentoets","description":"Prueba di Derechonan di Mucha - Kuater paso pa yega na e mih\u00f3 desishonnan pa mucha na momentu di redakt\u00e1 legislashon, regulashonnan i maneho.","robots":{"index":"index","follow":"follow","max-snippet":"max-snippet:-1","max-image-preview":"max-image-preview:large","max-video-preview":"max-video-preview:-1"},"canonical":"https:\/\/kinderrechtentoets.nl\/stap-2\/","og_locale":"en_US","og_type":"article","og_title":"Paso 2 Investig\u00e1 otro interesnan - Kinderombudsman - Kinderrechtentoets","og_description":"Prueba di Derechonan di Mucha - Kuater paso pa yega na e mih\u00f3 desishonnan pa mucha na momentu di redakt\u00e1 legislashon, regulashonnan i maneho.","og_url":"https:\/\/kinderrechtentoets.nl\/stap-2\/","og_site_name":"Kinderombudsman - Kinderrechtentoets","article_modified_time":"2025-01-28T15:34:10+00:00","twitter_card":"summary_large_image","twitter_misc":{"Est. reading time":"1 minute"},"schema":{"@context":"https:\/\/schema.org","@graph":[{"@type":"WebPage","@id":"https:\/\/kinderrechtentoets.nl\/stap-2\/","url":"https:\/\/kinderrechtentoets.nl\/stap-2\/","name":"Paso 2 Investig\u00e1 otro interesnan - Kinderombudsman - Kinderrechtentoets","isPartOf":{"@id":"https:\/\/kinderrechtentoets.nl\/#website"},"datePublished":"2024-11-25T14:07:35+00:00","dateModified":"2025-01-28T15:34:10+00:00","description":"Prueba di Derechonan di Mucha - Kuater paso pa yega na e mih\u00f3 desishonnan pa mucha na momentu di redakt\u00e1 legislashon, regulashonnan i maneho.","breadcrumb":{"@id":"https:\/\/kinderrechtentoets.nl\/stap-2\/#breadcrumb"},"inLanguage":"pp-PA","potentialAction":[{"@type":"ReadAction","target":["https:\/\/kinderrechtentoets.nl\/stap-2\/"]}]},{"@type":"BreadcrumbList","@id":"https:\/\/kinderrechtentoets.nl\/stap-2\/#breadcrumb","itemListElement":[{"@type":"ListItem","position":1,"name":"Home","item":"https:\/\/kinderrechtentoets.nl\/"},{"@type":"ListItem","position":2,"name":"Paso 2 Investig\u00e1 otro interesnan"}]},{"@type":"WebSite","@id":"https:\/\/kinderrechtentoets.nl\/#website","url":"https:\/\/kinderrechtentoets.nl\/","name":"Kinderombudsman - Kinderrechtentoets","description":"Vier stappen om te komen tot de beste besluiten voor kinderen bij wet- en regelgeving en beleid","potentialAction":[{"@type":"SearchAction","target":{"@type":"EntryPoint","urlTemplate":"https:\/\/kinderrechtentoets.nl\/?s={search_term_string}"},"query-input":{"@type":"PropertyValueSpecification","valueRequired":true,"valueName":"search_term_string"}}],"inLanguage":"pp-PA"}]}},"_links":{"self":[{"href":"https:\/\/kinderrechtentoets.nl\/pp\/wp-json\/wp\/v2\/pages\/1178","targetHints":{"allow":["GET"]}}],"collection":[{"href":"https:\/\/kinderrechtentoets.nl\/pp\/wp-json\/wp\/v2\/pages"}],"about":[{"href":"https:\/\/kinderrechtentoets.nl\/pp\/wp-json\/wp\/v2\/types\/page"}],"author":[{"embeddable":true,"href":"https:\/\/kinderrechtentoets.nl\/pp\/wp-json\/wp\/v2\/users\/1"}],"replies":[{"embeddable":true,"href":"https:\/\/kinderrechtentoets.nl\/pp\/wp-json\/wp\/v2\/comments?post=1178"}],"version-history":[{"count":16,"href":"https:\/\/kinderrechtentoets.nl\/pp\/wp-json\/wp\/v2\/pages\/1178\/revisions"}],"predecessor-version":[{"id":1608,"href":"https:\/\/kinderrechtentoets.nl\/pp\/wp-json\/wp\/v2\/pages\/1178\/revisions\/1608"}],"wp:attachment":[{"href":"https:\/\/kinderrechtentoets.nl\/pp\/wp-json\/wp\/v2\/media?parent=1178"}],"curies":[{"name":"wp","href":"https:\/\/api.w.org\/{rel}","templated":true}]}}