{"id":1188,"date":"2024-11-25T15:07:35","date_gmt":"2024-11-25T14:07:35","guid":{"rendered":"https:\/\/kinderrechtentoets.nl\/stap-3-2\/"},"modified":"2025-01-28T16:34:13","modified_gmt":"2025-01-28T15:34:13","slug":"paso-3","status":"publish","type":"page","link":"https:\/\/kinderrechtentoets.nl\/pp\/paso-3\/","title":{"rendered":"Paso 3 Konsider\u00e1 e importansia di e interesnan"},"content":{"rendered":"\t\t<div data-elementor-type=\"wp-page\" data-elementor-id=\"1188\" class=\"elementor elementor-1188 elementor-308\" data-elementor-post-type=\"page\">\n\t\t\t\t<div class=\"elementor-element elementor-element-dbb5c07 e-con-full e-flex e-con e-child\" data-id=\"dbb5c07\" data-element_type=\"container\" data-e-type=\"container\" data-settings=\"{&quot;background_background&quot;:&quot;classic&quot;}\">\n\t\t\t\t<div class=\"elementor-element elementor-element-e1a2b54 elementor-invisible elementor-widget elementor-widget-button\" data-id=\"e1a2b54\" data-element_type=\"widget\" data-e-type=\"widget\" data-settings=\"{&quot;_animation&quot;:&quot;fadeIn&quot;,&quot;sticky&quot;:&quot;top&quot;,&quot;sticky_on&quot;:[&quot;desktop&quot;],&quot;sticky_offset&quot;:50,&quot;sticky_effects_offset&quot;:0,&quot;sticky_anchor_link_offset&quot;:0}\" data-widget_type=\"button.default\">\n\t\t\t\t<div class=\"elementor-widget-container\">\n\t\t\t\t\t\t\t\t\t<div class=\"elementor-button-wrapper\">\n\t\t\t\t\t<a class=\"elementor-button elementor-button-link elementor-size-sm elementor-animation-grow\" href=\"\/pp\/#paso3\">\n\t\t\t\t\t\t<span class=\"elementor-button-content-wrapper\">\n\t\t\t\t\t\t\t\t\t<span class=\"elementor-button-text\">Back<\/span>\n\t\t\t\t\t<\/span>\n\t\t\t\t\t<\/a>\n\t\t\t\t<\/div>\n\t\t\t\t\t\t\t\t<\/div>\n\t\t\t\t<\/div>\n\t\t\t\t<div class=\"elementor-element elementor-element-42916fd elementor-widget__width-auto elementor-widget elementor-widget-wpml-language-switcher\" data-id=\"42916fd\" data-element_type=\"widget\" data-e-type=\"widget\" data-widget_type=\"wpml-language-switcher.default\">\n\t\t\t\t<div class=\"elementor-widget-container\">\n\t\t\t\t\t<div class=\"wpml-elementor-ls\">\n<div role=\"navigation\" aria-label=\"Language Switcher\" class=\"wpml-ls-statics-shortcode_actions wpml-ls wpml-ls-legacy-list-horizontal\">\n\t<ul><li class=\"wpml-ls-slot-shortcode_actions wpml-ls-item wpml-ls-item-nl wpml-ls-first-item wpml-ls-item-legacy-list-horizontal\">\n\t\t\t\t<a href=\"https:\/\/kinderrechtentoets.nl\/\" hreflang=\"nl\" lang=\"nl\" class=\"wpml-ls-link\" aria-label=\"Switch to NL (NL)\" title=\"Switch to NL (NL)\">\n\t\t\t\t\t<span class=\"wpml-ls-native\">NL<\/span><\/a>\n\t\t\t<\/li><li class=\"wpml-ls-slot-shortcode_actions wpml-ls-item wpml-ls-item-en wpml-ls-item-legacy-list-horizontal\">\n\t\t\t\t<a href=\"https:\/\/kinderrechtentoets.nl\/en\/\" hreflang=\"en\" lang=\"en\" class=\"wpml-ls-link\" aria-label=\"Switch to EN (EN)\" title=\"Switch to EN (EN)\">\n\t\t\t\t\t<span class=\"wpml-ls-native\">EN<\/span><\/a>\n\t\t\t<\/li><li class=\"wpml-ls-slot-shortcode_actions wpml-ls-item wpml-ls-item-pp wpml-ls-current-language wpml-ls-last-item wpml-ls-item-legacy-list-horizontal\">\n\t\t\t\t<a href=\"https:\/\/kinderrechtentoets.nl\/pp\/\" hreflang=\"pp\" lang=\"pp\" class=\"wpml-ls-link\" aria-current=\"page\" aria-label=\"Switch to PP (PP)\" title=\"Switch to PP (PP)\">\n\t\t\t\t\t<span class=\"wpml-ls-native\">PP<\/span><\/a>\n\t\t\t<\/li><\/ul>\n<\/div>\n<\/div>\t\t\t\t<\/div>\n\t\t\t\t<\/div>\n\t\t\t\t<\/div>\n\t\t<div class=\"elementor-element elementor-element-7a70189 e-con-full e-flex e-con e-parent\" data-id=\"7a70189\" data-element_type=\"container\" data-e-type=\"container\" data-settings=\"{&quot;background_background&quot;:&quot;classic&quot;,&quot;animation&quot;:&quot;none&quot;}\">\n\t\t<div class=\"elementor-element elementor-element-e87a5a8 e-con-full e-flex e-con e-child\" data-id=\"e87a5a8\" data-element_type=\"container\" data-e-type=\"container\">\n\t\t\t\t<div class=\"elementor-element elementor-element-3fe3a95 elementor-invisible elementor-widget elementor-widget-heading\" data-id=\"3fe3a95\" data-element_type=\"widget\" data-e-type=\"widget\" data-settings=\"{&quot;_animation&quot;:&quot;fadeIn&quot;}\" data-widget_type=\"heading.default\">\n\t\t\t\t<div class=\"elementor-widget-container\">\n\t\t\t\t\t<h2 class=\"elementor-heading-title elementor-size-default\">Paso 3 <\/h2>\t\t\t\t<\/div>\n\t\t\t\t<\/div>\n\t\t\t\t<div class=\"elementor-element elementor-element-9902769 elementor-invisible elementor-widget elementor-widget-heading\" data-id=\"9902769\" data-element_type=\"widget\" data-e-type=\"widget\" data-settings=\"{&quot;_animation&quot;:&quot;fadeInLeft&quot;}\" data-widget_type=\"heading.default\">\n\t\t\t\t<div class=\"elementor-widget-container\">\n\t\t\t\t\t<h1 class=\"elementor-heading-title elementor-size-default\">Konsider\u00e1 e importansia di e interesnan\n<\/h1>\t\t\t\t<\/div>\n\t\t\t\t<\/div>\n\t\t\t\t<div class=\"elementor-element elementor-element-f7d8eaa elementor-widget elementor-widget-spacer\" data-id=\"f7d8eaa\" data-element_type=\"widget\" data-e-type=\"widget\" data-widget_type=\"spacer.default\">\n\t\t\t\t<div class=\"elementor-widget-container\">\n\t\t\t\t\t\t\t<div class=\"elementor-spacer\">\n\t\t\t<div class=\"elementor-spacer-inner\"><\/div>\n\t\t<\/div>\n\t\t\t\t\t\t<\/div>\n\t\t\t\t<\/div>\n\t\t\t\t<div class=\"elementor-element elementor-element-d1fb257 elementor-widget__width-initial elementor-widget-tablet__width-inherit elementor-widget elementor-widget-text-editor\" data-id=\"d1fb257\" data-element_type=\"widget\" data-e-type=\"widget\" data-widget_type=\"text-editor.default\">\n\t\t\t\t<div class=\"elementor-widget-container\">\n\t\t\t\t\t\t\t\t\t<p>Den e paso aki bo ta konsider\u00e1 e importansia di e interesnan di mucha ku bo a indentifik\u00e1 den paso 1 en komparashon ku e sobr\u00e1 interesnan di paso 2. Den e marko aki, e interesnan di mucha ta na prom\u00e9 lug\u00e1 kompar\u00e1 ku e sobr\u00e1 interesnan.<\/p>\t\t\t\t\t\t\t\t<\/div>\n\t\t\t\t<\/div>\n\t\t\t\t<div class=\"elementor-element elementor-element-28e16e1 elementor-widget elementor-widget-spacer\" data-id=\"28e16e1\" data-element_type=\"widget\" data-e-type=\"widget\" data-widget_type=\"spacer.default\">\n\t\t\t\t<div class=\"elementor-widget-container\">\n\t\t\t\t\t\t\t<div class=\"elementor-spacer\">\n\t\t\t<div class=\"elementor-spacer-inner\"><\/div>\n\t\t<\/div>\n\t\t\t\t\t\t<\/div>\n\t\t\t\t<\/div>\n\t\t\t\t<div class=\"elementor-element elementor-element-e0d774a elementor-widget__width-initial elementor-widget-tablet__width-inherit elementor-widget elementor-widget-text-editor\" data-id=\"e0d774a\" data-element_type=\"widget\" data-e-type=\"widget\" data-widget_type=\"text-editor.default\">\n\t\t\t\t<div class=\"elementor-widget-container\">\n\t\t\t\t\t\t\t\t\t<p>Mucha ta m\u00e9nos kapas pa defend\u00e9 nan mes interesnan ku adultonan. E echo ku por falta di tuma nota di e interesnan di mucha ta un riesgo real. P&#8217;esei, e interesnan di mucha mester ta e prom\u00e9 konsiderashon. Esaki ta nifik\u00e1 ku e interesnan di mucha tin mas peso, i nan no ta solamente un konsiderashon mas. Dependiendo di e sirkunstansianan, por ta ku otro interesnan (por eh\u00e8mpel esnan di otro mucha, mayornan, konsiderashonnan finansiero, ets.) ta konfliktivo ku e interesnan di mucha den e meta ku bo kier logra ku bo propuesta. Si esei ta e kaso, konsider\u00e1 kuidadosamente e importansia di tur interesnan i verifik\u00e1 si por ha\u00f1a un kompromiso adeku\u00e1. P\u00e8rkur\u00e1 pa duna un bon motivashon di esaki. Duna supstansiashon adishonal riba puntonan kaminda e propuesta ta bai kontra e interesnan di mucha.<\/p>\t\t\t\t\t\t\t\t<\/div>\n\t\t\t\t<\/div>\n\t\t\t\t<div class=\"elementor-element elementor-element-034d843 elementor-widget elementor-widget-spacer\" data-id=\"034d843\" data-element_type=\"widget\" data-e-type=\"widget\" data-widget_type=\"spacer.default\">\n\t\t\t\t<div class=\"elementor-widget-container\">\n\t\t\t\t\t\t\t<div class=\"elementor-spacer\">\n\t\t\t<div class=\"elementor-spacer-inner\"><\/div>\n\t\t<\/div>\n\t\t\t\t\t\t<\/div>\n\t\t\t\t<\/div>\n\t\t\t\t<div class=\"elementor-element elementor-element-292b277 elementor-widget__width-initial elementor-widget-tablet__width-inherit elementor-widget elementor-widget-text-editor\" data-id=\"292b277\" data-element_type=\"widget\" data-e-type=\"widget\" data-widget_type=\"text-editor.default\">\n\t\t\t\t<div class=\"elementor-widget-container\">\n\t\t\t\t\t\t\t\t\t<p><strong>Pa e konsiderashon aki, kontest\u00e1 e siguiente preguntanan:<\/strong><\/p><ol><li>Ta garantis\u00e1 e derechonan\/interesnan di mucha den e propuesta?<\/li><li>Si a determin\u00e1 un impakto negativo riba un derecho di mucha den paso 1: ta posibel pa adapt\u00e1 e propuesta pa evit\u00e1 e impakto negativo aki?<\/li><li>I si no ta asina, kon t\u00f2g bo por respet\u00e1 mas tantu posibel e derecho(nan) di mucha ku ta bini bou di preshon?<\/li><\/ol>\t\t\t\t\t\t\t\t<\/div>\n\t\t\t\t<\/div>\n\t\t\t\t<div class=\"elementor-element elementor-element-2643b96 elementor-widget elementor-widget-spacer\" data-id=\"2643b96\" data-element_type=\"widget\" data-e-type=\"widget\" data-widget_type=\"spacer.default\">\n\t\t\t\t<div class=\"elementor-widget-container\">\n\t\t\t\t\t\t\t<div class=\"elementor-spacer\">\n\t\t\t<div class=\"elementor-spacer-inner\"><\/div>\n\t\t<\/div>\n\t\t\t\t\t\t<\/div>\n\t\t\t\t<\/div>\n\t\t\t\t<div class=\"elementor-element elementor-element-4525c29 elementor-widget elementor-widget-heading\" data-id=\"4525c29\" data-element_type=\"widget\" data-e-type=\"widget\" data-widget_type=\"heading.default\">\n\t\t\t\t<div class=\"elementor-widget-container\">\n\t\t\t\t\t<h4 class=\"elementor-heading-title elementor-size-default\">Resultado parsial \n<\/h4>\t\t\t\t<\/div>\n\t\t\t\t<\/div>\n\t\t\t\t<div class=\"elementor-element elementor-element-2cc1789 elementor-widget__width-initial elementor-widget-tablet__width-inherit elementor-widget elementor-widget-text-editor\" data-id=\"2cc1789\" data-element_type=\"widget\" data-e-type=\"widget\" data-widget_type=\"text-editor.default\">\n\t\t\t\t<div class=\"elementor-widget-container\">\n\t\t\t\t\t\t\t\t\t<p>Despues di a komplet\u00e1 e paso aki, bo sa di ki manera e propuesta por kontribu\u00ed na e realisashon di derechonan di mucha, i loke tin mester pa pone derechonan di mucha na prom\u00e9 lug\u00e1 den bo propuesta.<\/p>\t\t\t\t\t\t\t\t<\/div>\n\t\t\t\t<\/div>\n\t\t\t\t<div class=\"elementor-element elementor-element-d092e46 elementor-widget elementor-widget-spacer\" data-id=\"d092e46\" data-element_type=\"widget\" data-e-type=\"widget\" data-widget_type=\"spacer.default\">\n\t\t\t\t<div class=\"elementor-widget-container\">\n\t\t\t\t\t\t\t<div class=\"elementor-spacer\">\n\t\t\t<div class=\"elementor-spacer-inner\"><\/div>\n\t\t<\/div>\n\t\t\t\t\t\t<\/div>\n\t\t\t\t<\/div>\n\t\t\t\t<div class=\"elementor-element elementor-element-487f8af elementor-invisible elementor-widget elementor-widget-button\" data-id=\"487f8af\" data-element_type=\"widget\" data-e-type=\"widget\" data-settings=\"{&quot;_animation&quot;:&quot;fadeIn&quot;}\" data-widget_type=\"button.default\">\n\t\t\t\t<div class=\"elementor-widget-container\">\n\t\t\t\t\t\t\t\t\t<div class=\"elementor-button-wrapper\">\n\t\t\t\t\t<a class=\"elementor-button elementor-button-link elementor-size-sm elementor-animation-grow\" href=\"\/pp\">\n\t\t\t\t\t\t<span class=\"elementor-button-content-wrapper\">\n\t\t\t\t\t\t\t\t\t<span class=\"elementor-button-text\">Regres\u00e1 na e prueba di derechonan di mucha<\/span>\n\t\t\t\t\t<\/span>\n\t\t\t\t\t<\/a>\n\t\t\t\t<\/div>\n\t\t\t\t\t\t\t\t<\/div>\n\t\t\t\t<\/div>\n\t\t\t\t<\/div>\n\t\t\t\t<\/div>\n\t\t\t\t<\/div>\n\t\t","protected":false},"excerpt":{"rendered":"<p>Back NL EN PP Paso 3 Konsider\u00e1 e importansia di e interesnan Den e paso aki bo ta konsider\u00e1 e importansia di e interesnan di mucha ku bo a indentifik\u00e1 den paso 1 en komparashon ku e sobr\u00e1 interesnan di paso 2. Den e marko aki, e interesnan di mucha ta na prom\u00e9 lug\u00e1 kompar\u00e1 [&hellip;]<\/p>\n","protected":false},"author":1,"featured_media":0,"parent":0,"menu_order":0,"comment_status":"closed","ping_status":"closed","template":"","meta":{"footnotes":""},"class_list":["post-1188","page","type-page","status-publish","hentry"],"yoast_head":"<!-- This site is optimized with the Yoast SEO plugin v27.5 - https:\/\/yoast.com\/product\/yoast-seo-wordpress\/ -->\n<title>Paso 3 Konsider\u00e1 e importansia di e interesnan - Kinderombudsman - Kinderrechtentoets<\/title>\n<meta name=\"description\" content=\"Prueba di Derechonan di Mucha - Kuater paso pa yega na e mih\u00f3 desishonnan pa mucha na momentu di redakt\u00e1 legislashon, regulashonnan i maneho.\" \/>\n<meta name=\"robots\" content=\"index, follow, max-snippet:-1, max-image-preview:large, max-video-preview:-1\" \/>\n<link rel=\"canonical\" href=\"https:\/\/kinderrechtentoets.nl\/stap-3-2\/\" \/>\n<meta property=\"og:locale\" content=\"en_US\" \/>\n<meta property=\"og:type\" content=\"article\" \/>\n<meta property=\"og:title\" content=\"Paso 3 Konsider\u00e1 e importansia di e interesnan - Kinderombudsman - Kinderrechtentoets\" \/>\n<meta property=\"og:description\" content=\"Prueba di Derechonan di Mucha - Kuater paso pa yega na e mih\u00f3 desishonnan pa mucha na momentu di redakt\u00e1 legislashon, regulashonnan i maneho.\" \/>\n<meta property=\"og:url\" content=\"https:\/\/kinderrechtentoets.nl\/stap-3-2\/\" \/>\n<meta property=\"og:site_name\" content=\"Kinderombudsman - Kinderrechtentoets\" \/>\n<meta property=\"article:modified_time\" content=\"2025-01-28T15:34:13+00:00\" \/>\n<meta name=\"twitter:card\" content=\"summary_large_image\" \/>\n<meta name=\"twitter:label1\" content=\"Est. reading time\" \/>\n\t<meta name=\"twitter:data1\" content=\"2 minutes\" \/>\n<script type=\"application\/ld+json\" class=\"yoast-schema-graph\">{\"@context\":\"https:\\\/\\\/schema.org\",\"@graph\":[{\"@type\":\"WebPage\",\"@id\":\"https:\\\/\\\/kinderrechtentoets.nl\\\/stap-3-2\\\/\",\"url\":\"https:\\\/\\\/kinderrechtentoets.nl\\\/stap-3-2\\\/\",\"name\":\"Paso 3 Konsider\u00e1 e importansia di e interesnan - Kinderombudsman - Kinderrechtentoets\",\"isPartOf\":{\"@id\":\"https:\\\/\\\/kinderrechtentoets.nl\\\/#website\"},\"datePublished\":\"2024-11-25T14:07:35+00:00\",\"dateModified\":\"2025-01-28T15:34:13+00:00\",\"description\":\"Prueba di Derechonan di Mucha - Kuater paso pa yega na e mih\u00f3 desishonnan pa mucha na momentu di redakt\u00e1 legislashon, regulashonnan i maneho.\",\"breadcrumb\":{\"@id\":\"https:\\\/\\\/kinderrechtentoets.nl\\\/stap-3-2\\\/#breadcrumb\"},\"inLanguage\":\"pp-PA\",\"potentialAction\":[{\"@type\":\"ReadAction\",\"target\":[\"https:\\\/\\\/kinderrechtentoets.nl\\\/stap-3-2\\\/\"]}]},{\"@type\":\"BreadcrumbList\",\"@id\":\"https:\\\/\\\/kinderrechtentoets.nl\\\/stap-3-2\\\/#breadcrumb\",\"itemListElement\":[{\"@type\":\"ListItem\",\"position\":1,\"name\":\"Home\",\"item\":\"https:\\\/\\\/kinderrechtentoets.nl\\\/\"},{\"@type\":\"ListItem\",\"position\":2,\"name\":\"Paso 3 Konsider\u00e1 e importansia di e interesnan\"}]},{\"@type\":\"WebSite\",\"@id\":\"https:\\\/\\\/kinderrechtentoets.nl\\\/#website\",\"url\":\"https:\\\/\\\/kinderrechtentoets.nl\\\/\",\"name\":\"Kinderombudsman - Kinderrechtentoets\",\"description\":\"Vier stappen om te komen tot de beste besluiten voor kinderen bij wet- en regelgeving en beleid\",\"potentialAction\":[{\"@type\":\"SearchAction\",\"target\":{\"@type\":\"EntryPoint\",\"urlTemplate\":\"https:\\\/\\\/kinderrechtentoets.nl\\\/?s={search_term_string}\"},\"query-input\":{\"@type\":\"PropertyValueSpecification\",\"valueRequired\":true,\"valueName\":\"search_term_string\"}}],\"inLanguage\":\"pp-PA\"}]}<\/script>\n<!-- \/ Yoast SEO plugin. -->","yoast_head_json":{"title":"Paso 3 Konsider\u00e1 e importansia di e interesnan - Kinderombudsman - Kinderrechtentoets","description":"Prueba di Derechonan di Mucha - Kuater paso pa yega na e mih\u00f3 desishonnan pa mucha na momentu di redakt\u00e1 legislashon, regulashonnan i maneho.","robots":{"index":"index","follow":"follow","max-snippet":"max-snippet:-1","max-image-preview":"max-image-preview:large","max-video-preview":"max-video-preview:-1"},"canonical":"https:\/\/kinderrechtentoets.nl\/stap-3-2\/","og_locale":"en_US","og_type":"article","og_title":"Paso 3 Konsider\u00e1 e importansia di e interesnan - Kinderombudsman - Kinderrechtentoets","og_description":"Prueba di Derechonan di Mucha - Kuater paso pa yega na e mih\u00f3 desishonnan pa mucha na momentu di redakt\u00e1 legislashon, regulashonnan i maneho.","og_url":"https:\/\/kinderrechtentoets.nl\/stap-3-2\/","og_site_name":"Kinderombudsman - Kinderrechtentoets","article_modified_time":"2025-01-28T15:34:13+00:00","twitter_card":"summary_large_image","twitter_misc":{"Est. reading time":"2 minutes"},"schema":{"@context":"https:\/\/schema.org","@graph":[{"@type":"WebPage","@id":"https:\/\/kinderrechtentoets.nl\/stap-3-2\/","url":"https:\/\/kinderrechtentoets.nl\/stap-3-2\/","name":"Paso 3 Konsider\u00e1 e importansia di e interesnan - Kinderombudsman - Kinderrechtentoets","isPartOf":{"@id":"https:\/\/kinderrechtentoets.nl\/#website"},"datePublished":"2024-11-25T14:07:35+00:00","dateModified":"2025-01-28T15:34:13+00:00","description":"Prueba di Derechonan di Mucha - Kuater paso pa yega na e mih\u00f3 desishonnan pa mucha na momentu di redakt\u00e1 legislashon, regulashonnan i maneho.","breadcrumb":{"@id":"https:\/\/kinderrechtentoets.nl\/stap-3-2\/#breadcrumb"},"inLanguage":"pp-PA","potentialAction":[{"@type":"ReadAction","target":["https:\/\/kinderrechtentoets.nl\/stap-3-2\/"]}]},{"@type":"BreadcrumbList","@id":"https:\/\/kinderrechtentoets.nl\/stap-3-2\/#breadcrumb","itemListElement":[{"@type":"ListItem","position":1,"name":"Home","item":"https:\/\/kinderrechtentoets.nl\/"},{"@type":"ListItem","position":2,"name":"Paso 3 Konsider\u00e1 e importansia di e interesnan"}]},{"@type":"WebSite","@id":"https:\/\/kinderrechtentoets.nl\/#website","url":"https:\/\/kinderrechtentoets.nl\/","name":"Kinderombudsman - Kinderrechtentoets","description":"Vier stappen om te komen tot de beste besluiten voor kinderen bij wet- en regelgeving en beleid","potentialAction":[{"@type":"SearchAction","target":{"@type":"EntryPoint","urlTemplate":"https:\/\/kinderrechtentoets.nl\/?s={search_term_string}"},"query-input":{"@type":"PropertyValueSpecification","valueRequired":true,"valueName":"search_term_string"}}],"inLanguage":"pp-PA"}]}},"_links":{"self":[{"href":"https:\/\/kinderrechtentoets.nl\/pp\/wp-json\/wp\/v2\/pages\/1188","targetHints":{"allow":["GET"]}}],"collection":[{"href":"https:\/\/kinderrechtentoets.nl\/pp\/wp-json\/wp\/v2\/pages"}],"about":[{"href":"https:\/\/kinderrechtentoets.nl\/pp\/wp-json\/wp\/v2\/types\/page"}],"author":[{"embeddable":true,"href":"https:\/\/kinderrechtentoets.nl\/pp\/wp-json\/wp\/v2\/users\/1"}],"replies":[{"embeddable":true,"href":"https:\/\/kinderrechtentoets.nl\/pp\/wp-json\/wp\/v2\/comments?post=1188"}],"version-history":[{"count":10,"href":"https:\/\/kinderrechtentoets.nl\/pp\/wp-json\/wp\/v2\/pages\/1188\/revisions"}],"predecessor-version":[{"id":1611,"href":"https:\/\/kinderrechtentoets.nl\/pp\/wp-json\/wp\/v2\/pages\/1188\/revisions\/1611"}],"wp:attachment":[{"href":"https:\/\/kinderrechtentoets.nl\/pp\/wp-json\/wp\/v2\/media?parent=1188"}],"curies":[{"name":"wp","href":"https:\/\/api.w.org\/{rel}","templated":true}]}}